{"id":931,"date":"2022-11-30T21:01:52","date_gmt":"2022-12-01T00:01:52","guid":{"rendered":"https:\/\/isfd241-bue.infd.edu.ar\/sitio\/?page_id=931"},"modified":"2026-02-19T22:30:34","modified_gmt":"2026-02-20T01:30:34","slug":"pases","status":"publish","type":"page","link":"https:\/\/isfd241-bue.infd.edu.ar\/sitio\/pases\/","title":{"rendered":"Pases"},"content":{"rendered":"\n<p>Se recepcionar\u00e1n pases de aspirantes que est\u00e9n cursando en otras instituciones, pero <strong>con el mismo plan de estudios<\/strong>, para los siguientes cursos:<\/p>\n\n\n\n<p><strong>Profesorado de Educaci\u00f3n F\u00edsica<\/strong>: Pases para unidades curriculares de 2do, 3ro y 4to a\u00f1o<\/p>\n\n\n\n<p><strong>Profesorado de Ingles<\/strong>: Pases para unidades curriculares de 2do y 3er a\u00f1o.<\/p>\n\n\n\n<p><strong>Profesorado de Educaci\u00f3n Primaria<\/strong>: Pases para unidades curriculares de 1ero a 4to a\u00f1o.<\/p>\n\n\n\n<p><\/p>\n\n\n\n<p class=\"has-pale-pink-background-color has-background\">La aceptaci\u00f3n de la solicitud est\u00e1 sujeta a la disponibilidad del espacio \u00e1ulico.<\/p>\n\n\n\n<p><strong>Requisitos:<\/strong><\/p>\n\n\n\n<ul>\n<li>Completar el <strong>formulario <\/strong>(estar\u00e1 disponible online, UNICAMENTE en las fechas indicadas)<\/li>\n\n\n\n<li>Presentaci\u00f3n de nota formal manuscrita, indicando los motivos por los que solicita el pase. La misma debe aclarar las unidades curriculares que se desean cursar<\/li>\n\n\n\n<li>Original y fotocopia de DNI<\/li>\n\n\n\n<li>Anal\u00edtico parcial<\/li>\n\n\n\n<li>Folio<\/li>\n<\/ul>\n\n\n\n<p>Estos requisitos se presentar\u00e1n de manera presencial, en la fecha y horario establecidos:<\/p>\n\n\n\n<p class=\"has-background\" style=\"background-color:#ab99e5\"><strong>A partir del 18\/02 de 2026<\/strong> de 18.30 a 20 hs<\/p>\n\n\n\n<p><\/p>\n\n\n\n<p><\/p>\n","protected":false},"excerpt":{"rendered":"<p>Se recepcionar\u00e1n pases de aspirantes que est\u00e9n cursando en otras instituciones, pero con el mismo plan de estudios, para los siguientes cursos: Profesorado de Educaci\u00f3n F\u00edsica: Pases para unidades curriculares de 2do, 3ro y 4to a\u00f1o Profesorado de Ingles: Pases para unidades curriculares de 2do y 3er a\u00f1o. Profesorado de Educaci\u00f3n Primaria: Pases para unidades &#8230; <a title=\"Pases\" class=\"read-more\" href=\"https:\/\/isfd241-bue.infd.edu.ar\/sitio\/pases\/\" aria-label=\"M\u00e1s en Pases\">[+]<\/a><\/p>\n","protected":false},"author":11,"featured_media":0,"parent":0,"menu_order":0,"comment_status":"closed","ping_status":"closed","template":"","meta":[],"acf":[],"_links":{"self":[{"href":"https:\/\/isfd241-bue.infd.edu.ar\/sitio\/wp-json\/wp\/v2\/pages\/931"}],"collection":[{"href":"https:\/\/isfd241-bue.infd.edu.ar\/sitio\/wp-json\/wp\/v2\/pages"}],"about":[{"href":"https:\/\/isfd241-bue.infd.edu.ar\/sitio\/wp-json\/wp\/v2\/types\/page"}],"author":[{"embeddable":true,"href":"https:\/\/isfd241-bue.infd.edu.ar\/sitio\/wp-json\/wp\/v2\/users\/11"}],"replies":[{"embeddable":true,"href":"https:\/\/isfd241-bue.infd.edu.ar\/sitio\/wp-json\/wp\/v2\/comments?post=931"}],"version-history":[{"count":15,"href":"https:\/\/isfd241-bue.infd.edu.ar\/sitio\/wp-json\/wp\/v2\/pages\/931\/revisions"}],"predecessor-version":[{"id":1286,"href":"https:\/\/isfd241-bue.infd.edu.ar\/sitio\/wp-json\/wp\/v2\/pages\/931\/revisions\/1286"}],"wp:attachment":[{"href":"https:\/\/isfd241-bue.infd.edu.ar\/sitio\/wp-json\/wp\/v2\/media?parent=931"}],"curies":[{"name":"wp","href":"https:\/\/api.w.org\/{rel}","templated":true}]}}