{"id":859,"date":"2022-09-22T21:44:01","date_gmt":"2022-09-23T00:44:01","guid":{"rendered":"https:\/\/isfd241-bue.infd.edu.ar\/sitio\/?page_id=859"},"modified":"2024-02-23T20:02:04","modified_gmt":"2024-02-23T23:02:04","slug":"profesorado-de-educacion-fisica","status":"publish","type":"page","link":"https:\/\/isfd241-bue.infd.edu.ar\/sitio\/profesorado-de-educacion-fisica\/","title":{"rendered":"Profesorado de Educaci\u00f3n F\u00edsica"},"content":{"rendered":"\n<div class=\"wp-block-cover aligncenter is-light\"><span aria-hidden=\"true\" class=\"wp-block-cover__background has-pale-cyan-blue-background-color has-background-dim\"><\/span><img decoding=\"async\" loading=\"lazy\" width=\"1131\" height=\"1228\" class=\"wp-block-cover__image-background wp-image-871\" alt=\"\" src=\"https:\/\/isfd241-bue.infd.edu.ar\/sitio\/wp-content\/uploads\/2022\/09\/Logo-Educacion-Fisica-e1663955255925.jpeg\" style=\"object-position:49% 38%\" data-object-fit=\"cover\" data-object-position=\"49% 38%\" srcset=\"https:\/\/isfd241-bue.infd.edu.ar\/sitio\/wp-content\/uploads\/2022\/09\/Logo-Educacion-Fisica-e1663955255925.jpeg 1131w, https:\/\/isfd241-bue.infd.edu.ar\/sitio\/wp-content\/uploads\/2022\/09\/Logo-Educacion-Fisica-e1663955255925-921x1000.jpeg 921w, https:\/\/isfd241-bue.infd.edu.ar\/sitio\/wp-content\/uploads\/2022\/09\/Logo-Educacion-Fisica-e1663955255925-768x834.jpeg 768w\" sizes=\"(max-width: 1131px) 100vw, 1131px\" \/><div class=\"wp-block-cover__inner-container\">\n<p><\/p>\n\n\n\n<p><\/p>\n\n\n\n<p><\/p>\n\n\n\n<p class=\"has-black-color has-text-color\" style=\"font-size:50px\"><strong>Profesorado de Educaci\u00f3n F\u00edsica<\/strong><\/p>\n\n\n\n<p><\/p>\n\n\n\n<p><\/p>\n\n\n\n<p class=\"has-black-color has-text-color has-large-font-size\"><strong>T\u00edtulo: Profesor\/a de Educaci\u00f3n F\u00edsica<\/strong><\/p>\n\n\n\n<p><\/p>\n<\/div><\/div>\n\n\n\n<p><strong>Duraci\u00f3n<\/strong><\/p>\n\n\n\n<p> 4 a\u00f1os<\/p>\n\n\n\n<p><strong>Plan de estudios<\/strong><\/p>\n\n\n\n<p> Resoluci\u00f3n 2432\/09<\/p>\n\n\n\n<p>Para conocer el Dise\u00f1o completo, ingresar al siguiente <a href=\"https:\/\/isfd241-bue.infd.edu.ar\/sitio\/wp-content\/uploads\/2022\/10\/Diseno-Curricular-Profesorado-de-Educacion-Fisica.pdf\" target=\"_blank\" rel=\"noreferrer noopener\">enlace<\/a><\/p>\n\n\n\n<p><strong>Turno<\/strong><\/p>\n\n\n\n<p> Vespertino <\/p>\n\n\n\n<p>Las Pr\u00e1cticas Docentes son en contraturno (ma\u00f1ana o tarde)<\/p>\n\n\n\n<p>Teniendo en cuenta la carga horaria del plan de estudios, hay materias que deben cursarse en contraturno y en otros espacios (acuerdo de espacio compartido con Club Vicegobernador Alberto Balestrini)<\/p>\n","protected":false},"excerpt":{"rendered":"<p>Duraci\u00f3n 4 a\u00f1os Plan de estudios Resoluci\u00f3n 2432\/09 Para conocer el Dise\u00f1o completo, ingresar al siguiente enlace Turno Vespertino Las Pr\u00e1cticas Docentes son en contraturno (ma\u00f1ana o tarde) Teniendo en cuenta la carga horaria del plan de estudios, hay materias que deben cursarse en contraturno y en otros espacios (acuerdo de espacio compartido con Club &#8230; <a title=\"Profesorado de Educaci\u00f3n F\u00edsica\" class=\"read-more\" href=\"https:\/\/isfd241-bue.infd.edu.ar\/sitio\/profesorado-de-educacion-fisica\/\" aria-label=\"M\u00e1s en Profesorado de Educaci\u00f3n F\u00edsica\">[+]<\/a><\/p>\n","protected":false},"author":11,"featured_media":0,"parent":0,"menu_order":0,"comment_status":"closed","ping_status":"closed","template":"","meta":[],"acf":[],"_links":{"self":[{"href":"https:\/\/isfd241-bue.infd.edu.ar\/sitio\/wp-json\/wp\/v2\/pages\/859"}],"collection":[{"href":"https:\/\/isfd241-bue.infd.edu.ar\/sitio\/wp-json\/wp\/v2\/pages"}],"about":[{"href":"https:\/\/isfd241-bue.infd.edu.ar\/sitio\/wp-json\/wp\/v2\/types\/page"}],"author":[{"embeddable":true,"href":"https:\/\/isfd241-bue.infd.edu.ar\/sitio\/wp-json\/wp\/v2\/users\/11"}],"replies":[{"embeddable":true,"href":"https:\/\/isfd241-bue.infd.edu.ar\/sitio\/wp-json\/wp\/v2\/comments?post=859"}],"version-history":[{"count":7,"href":"https:\/\/isfd241-bue.infd.edu.ar\/sitio\/wp-json\/wp\/v2\/pages\/859\/revisions"}],"predecessor-version":[{"id":1111,"href":"https:\/\/isfd241-bue.infd.edu.ar\/sitio\/wp-json\/wp\/v2\/pages\/859\/revisions\/1111"}],"wp:attachment":[{"href":"https:\/\/isfd241-bue.infd.edu.ar\/sitio\/wp-json\/wp\/v2\/media?parent=859"}],"curies":[{"name":"wp","href":"https:\/\/api.w.org\/{rel}","templated":true}]}}