{"id":855,"date":"2022-09-22T21:38:27","date_gmt":"2022-09-23T00:38:27","guid":{"rendered":"https:\/\/isfd241-bue.infd.edu.ar\/sitio\/?page_id=855"},"modified":"2025-12-10T09:00:34","modified_gmt":"2025-12-10T12:00:34","slug":"ingreso-2024","status":"publish","type":"page","link":"https:\/\/isfd241-bue.infd.edu.ar\/sitio\/ingreso-2024\/","title":{"rendered":"INGRESO 2026"},"content":{"rendered":"\n<p><\/p>\n\n\n\n<h3 class=\"wp-block-heading alignfull has-text-align-center has-pale-pink-background-color has-background\">Pre-Inscripci\u00f3n Ingreso 2026<\/h3>\n\n\n\n<figure class=\"wp-block-pullquote is-style-default has-contrast-color has-text-color has-background has-small-font-size\" style=\"background-color:#b4f2ca;font-style:normal;font-weight:600\"><blockquote><p>\u00a1<strong>Antes de empezar te invitamos a conocer las carreras que ofrecemos en el distrito de La Matanza!<\/strong><br><a href=\"https:\/\/sites.google.com\/view\/superiormatanza2024\/ingreso-2025\">Todas las carreras- Educaci\u00f3n Superior La Matanza<\/a> <\/p><\/blockquote><\/figure>\n\n\n\n<p><img decoding=\"async\" loading=\"lazy\" width=\"1366\" height=\"768\" class=\"wp-image-948\" style=\"width: 1500px;\" src=\"https:\/\/isfd241-bue.infd.edu.ar\/sitio\/wp-content\/uploads\/2022\/12\/presentacion-carreras.jpg\" alt=\"\" srcset=\"https:\/\/isfd241-bue.infd.edu.ar\/sitio\/wp-content\/uploads\/2022\/12\/presentacion-carreras.jpg 1366w, https:\/\/isfd241-bue.infd.edu.ar\/sitio\/wp-content\/uploads\/2022\/12\/presentacion-carreras-1000x562.jpg 1000w, https:\/\/isfd241-bue.infd.edu.ar\/sitio\/wp-content\/uploads\/2022\/12\/presentacion-carreras-768x432.jpg 768w\" sizes=\"(max-width: 1366px) 100vw, 1366px\" \/><\/p>\n\n\n\n<figure class=\"wp-block-pullquote alignwide is-style-default has-background has-small-font-size\" style=\"background-color:#b4f2ca;font-style:normal;font-weight:600\"><blockquote><p>La modalidad de cursada es presencial, se prev\u00e9 instancias de recorrido virtual, atendiendo a las particularidades del espacio f\u00edsico y contextual<\/p><\/blockquote><\/figure>\n\n\n\n<figure class=\"wp-block-image alignwide size-large\"><img decoding=\"async\" loading=\"lazy\" width=\"1344\" height=\"1900\" src=\"https:\/\/isfd241-bue.infd.edu.ar\/sitio\/wp-content\/uploads\/2025\/12\/1001026484-1344x1900.png\" alt=\"\" class=\"wp-image-1254\" srcset=\"https:\/\/isfd241-bue.infd.edu.ar\/sitio\/wp-content\/uploads\/2025\/12\/1001026484-1344x1900.png 1344w, https:\/\/isfd241-bue.infd.edu.ar\/sitio\/wp-content\/uploads\/2025\/12\/1001026484-707x1000.png 707w, https:\/\/isfd241-bue.infd.edu.ar\/sitio\/wp-content\/uploads\/2025\/12\/1001026484-768x1086.png 768w, https:\/\/isfd241-bue.infd.edu.ar\/sitio\/wp-content\/uploads\/2025\/12\/1001026484-1086x1536.png 1086w, https:\/\/isfd241-bue.infd.edu.ar\/sitio\/wp-content\/uploads\/2025\/12\/1001026484.png 1414w\" sizes=\"(max-width: 1344px) 100vw, 1344px\" \/><\/figure>\n\n\n\n<p><\/p>\n\n\n\n<h3 class=\"wp-block-heading alignfull has-text-align-center has-cool-to-warm-spectrum-gradient-background has-background has-x-large-font-size\" style=\"text-transform:uppercase\">pre- Inscripci\u00f3n a aspirantes 2026<\/h3>\n\n\n\n<p>\u00bfCu\u00e1les son los requisitos de pre-inscripci\u00f3n?<\/p>\n\n\n\n<ul>\n<li><em><strong>T\u00edtulo secundario, Constancia de t\u00edtulo en tr\u00e1mite, Constancia de Finalizaci\u00f3n de estudios o Constancia de estudiante regular con materias pendientes de acreditaci\u00f3n. <\/strong><\/em><\/li>\n\n\n\n<li><em><strong>DNI<\/strong><\/em><\/li>\n<\/ul>\n\n\n\n<p>La siguiente documentaci\u00f3n, se solicitar\u00e1 una vez <strong>confirmada<\/strong> tu preinscripci\u00f3n. La presentaci\u00f3n de la misma es la confirmaci\u00f3n de la preinscripci\u00f3n, en los d\u00edas y horarios estipulados confirmar\u00e1 la postulaci\u00f3n:<\/p>\n\n\n\n<ul>\n<li>Planilla de inscripci\u00f3n. Ser\u00e1 enviada en el mail de confirmaci\u00f3n de inscripci\u00f3n<\/li>\n\n\n\n<li><em>Apto F\u00edsico <\/em> <mark style=\"background-color:rgba(0, 0, 0, 0)\" class=\"has-inline-color has-vivid-cyan-blue-color\">Se debe presentar un apto f\u00edsico especial. El formato ser\u00e1 compartido con quienes queden inscriptos en la carrera<\/mark>.<\/li>\n\n\n\n<li><em>Apto Ps\u00edquico.<\/em><\/li>\n\n\n\n<li><em>Partida de Nacimiento<\/em><\/li>\n\n\n\n<li><em><strong>4<\/strong><\/em><strong style=\"font-style: italic;\"> (cuatro) fotos carnet<\/strong><\/li>\n<\/ul>\n\n\n\n<p>Si se encuentra cursando la misma carrera con el mismo plan de estudio en otra instituci\u00f3n, deber\u00e1 completar el formulario de <a rel=\"noreferrer noopener\" href=\"https:\/\/isfd241-bue.infd.edu.ar\/sitio\/pases\/\" target=\"_blank\">Pase<\/a><\/p>\n\n\n\n<hr class=\"wp-block-separator has-css-opacity\"\/>\n\n\n\n<h5 class=\"wp-block-heading has-background\" style=\"background-color:#8cc1fa\">Formularios de Pre-Inscripci\u00f3n. Se habilitar\u00e1n el d\u00eda 10\/12\/25 a las 9.00 Hs<\/h5>\n\n\n\n<p>De acuerdo a la carrera elegida, deber\u00e1s completar el formulario correspondiente. Solo se tomar\u00e1 la pre-inscripci\u00f3n para la carrera en la que te inscribiste. No se aceptar\u00e1n pases de carreras.<\/p>\n\n\n\n<p>Ten\u00e9 en cuenta que el formulario se cierra autom\u00e1ticamente una vez completado <strong>la cantidad disponible por espacio edilicio para cada comisi\u00f3n.<\/strong><\/p>\n\n\n\n<ul style=\"font-style:normal;font-weight:400\">\n<li class=\"has-medium-font-size\"><strong>Profesorado de Ingl\u00e9s<\/strong>. <a href=\"https:\/\/docs.google.com\/forms\/d\/e\/1FAIpQLSea0wB7YX2EJj1JzEX-4MexwTcyLjrzMHilTSO_j07mMrgGag\/viewform?usp=header\" target=\"_blank\" rel=\"noreferrer noopener\">Enlace<\/a><\/li>\n\n\n\n<li class=\"has-medium-font-size\"><strong>Profesorado de Educaci\u00f3n Primaria.<\/strong> <a href=\"https:\/\/docs.google.com\/forms\/d\/e\/1FAIpQLScgRAax_fNBNq8xWvPmdqIXLNLCg6wNYHz9XVGkI7f6XqmI-A\/viewform?usp=header\" target=\"_blank\" rel=\"noreferrer noopener\">Enlace<\/a><\/li>\n\n\n\n<li class=\"has-medium-font-size\"><strong>Profesorado de Educaci\u00f3n F\u00edsica<\/strong>. <a href=\"https:\/\/docs.google.com\/forms\/d\/e\/1FAIpQLSfzanX7kv4Ps9NRkQeVZ8ulS4IZ1ReOK4jnA5SZpEtEUstVQA\/viewform?usp=header\" target=\"_blank\" rel=\"noreferrer noopener\">Enlace<\/a><\/li>\n<\/ul>\n\n\n\n<p class=\"has-text-align-center has-blush-bordeaux-gradient-background has-background\" style=\"font-size:25px\"> El formulario de inscripci\u00f3n ser\u00e1 publicado  por este espacio,                                                                                  el d\u00eda 10\/12\/25 a las 9.00 <\/p>\n\n\n\n<p class=\"has-text-align-center has-blush-bordeaux-gradient-background has-background\" style=\"font-size:25px\">Se sugiere actualizar la p\u00e1gina en el horario estipulado <\/p>\n\n\n\n<p><\/p>\n\n\n\n<h2 class=\"wp-block-heading has-vivid-cyan-blue-color has-text-color\">Profesorado de Ingl\u00e9s<\/h2>\n\n\n\n<p>La carrera de profesorado de ingl\u00e9s cuenta con una prueba de suficiencia obligatoria. Para informarse sobre caracter\u00edsticas y modalidad, debe ingresar al siguiente <a rel=\"noreferrer noopener\" href=\"https:\/\/drive.google.com\/drive\/folders\/13wEZ5gXztdgFkvesNgkZeVPuRdbMJ1Gv?usp=sharing\" target=\"_blank\">enlace<\/a>.<\/p>\n\n\n\n<p>Examen escrito presencial: a confirmar.<\/p>\n\n\n\n<p>Examen oral presencial: a confirmar<\/p>\n\n\n\n<p><\/p>\n\n\n\n<p><\/p>\n\n\n\n<p class=\"has-text-color\" style=\"color:#3a6ef1\"><strong>\u00a1Les agradecemos que quieran formar parte de esta comunidad educativa que est\u00e1 en construcci\u00f3n!<\/strong><\/p>\n\n\n\n<p><strong>Equipo Directivo<\/strong><\/p>\n\n\n\n<p><\/p>\n","protected":false},"excerpt":{"rendered":"<p>Pre-Inscripci\u00f3n Ingreso 2026 \u00a1Antes de empezar te invitamos a conocer las carreras que ofrecemos en el distrito de La Matanza!Todas las carreras- Educaci\u00f3n Superior La Matanza La modalidad de cursada es presencial, se prev\u00e9 instancias de recorrido virtual, atendiendo a las particularidades del espacio f\u00edsico y contextual pre- Inscripci\u00f3n a aspirantes 2026 \u00bfCu\u00e1les son los &#8230; <a title=\"INGRESO 2026\" class=\"read-more\" href=\"https:\/\/isfd241-bue.infd.edu.ar\/sitio\/ingreso-2024\/\" aria-label=\"M\u00e1s en INGRESO 2026\">[+]<\/a><\/p>\n","protected":false},"author":11,"featured_media":0,"parent":0,"menu_order":0,"comment_status":"closed","ping_status":"closed","template":"","meta":[],"acf":[],"_links":{"self":[{"href":"https:\/\/isfd241-bue.infd.edu.ar\/sitio\/wp-json\/wp\/v2\/pages\/855"}],"collection":[{"href":"https:\/\/isfd241-bue.infd.edu.ar\/sitio\/wp-json\/wp\/v2\/pages"}],"about":[{"href":"https:\/\/isfd241-bue.infd.edu.ar\/sitio\/wp-json\/wp\/v2\/types\/page"}],"author":[{"embeddable":true,"href":"https:\/\/isfd241-bue.infd.edu.ar\/sitio\/wp-json\/wp\/v2\/users\/11"}],"replies":[{"embeddable":true,"href":"https:\/\/isfd241-bue.infd.edu.ar\/sitio\/wp-json\/wp\/v2\/comments?post=855"}],"version-history":[{"count":30,"href":"https:\/\/isfd241-bue.infd.edu.ar\/sitio\/wp-json\/wp\/v2\/pages\/855\/revisions"}],"predecessor-version":[{"id":1258,"href":"https:\/\/isfd241-bue.infd.edu.ar\/sitio\/wp-json\/wp\/v2\/pages\/855\/revisions\/1258"}],"wp:attachment":[{"href":"https:\/\/isfd241-bue.infd.edu.ar\/sitio\/wp-json\/wp\/v2\/media?parent=855"}],"curies":[{"name":"wp","href":"https:\/\/api.w.org\/{rel}","templated":true}]}}