{"id":849,"date":"2022-09-22T21:28:52","date_gmt":"2022-09-23T00:28:52","guid":{"rendered":"https:\/\/isfd241-bue.infd.edu.ar\/sitio\/?page_id=849"},"modified":"2026-02-27T07:46:33","modified_gmt":"2026-02-27T10:46:33","slug":"cufba","status":"publish","type":"page","link":"https:\/\/isfd241-bue.infd.edu.ar\/sitio\/cufba\/","title":{"rendered":"CUFBA"},"content":{"rendered":"\n<h5 class=\"wp-block-heading has-vivid-cyan-blue-color has-text-color\"><strong>Curso de Formaci\u00f3n B\u00e1sica para el Profesorado de ingl\u00e9s<\/strong><\/h5>\n\n\n\n<p>El Curso de Formaci\u00f3n B\u00e1sica en Ingl\u00e9s (CUFBA) es un curso anual de nivelaci\u00f3n, para quienes necesitan afianzar conocimientos para alcanzar la competencia requerida en la prueba de suficiencia del ingreso al Profesorado de Ingl\u00e9s. Este conocimiento del ingl\u00e9s es de suma importancia para iniciar la cursada de materias de primer a\u00f1o.<\/p>\n\n\n\n<p>La aprobaci\u00f3n del CUFBA habilita el ingreso directo a la carrera. Caso contrario, podr\u00e1n inscribirse para rendir la prueba de suficiencia para ingresar a la carrera en febrero \u2013 marzo de 2026.<\/p>\n\n\n\n<p><\/p>\n\n\n\n<h5 class=\"wp-block-heading has-vivid-cyan-blue-color has-text-color\">\u00bfPara qui\u00e9nes est\u00e1 dirigido el CUFBA?<\/h5>\n\n\n\n<p>El CUFBA est\u00e1 dirigido a los siguientes aspirantes:<\/p>\n\n\n\n<ul>\n<li>aspirantes que habiendo rendido la prueba de suficiencia de Ingl\u00e9s no logren ingresar a 1\u00b0 A\u00d1O<\/li>\n\n\n\n<li>aspirantes que deseen fortalecer sus conocimientos de la lengua inglesa antes de ingresar a 1\u00b0 A\u00d1O<\/li>\n\n\n\n<li>aspirantes que deseen inscribirse al pr\u00f3ximo ciclo lectivo (2026)<\/li>\n\n\n\n<li>aspirantes que se encuentren cursando el \u00faltimo a\u00f1o del nivel secundario y deseen ingresar  a la carrera en 2026<\/li>\n<\/ul>\n\n\n\n<p><\/p>\n\n\n\n<h5 class=\"wp-block-heading has-vivid-cyan-blue-color has-text-color\">Requisitos de inscripci\u00f3n<\/h5>\n\n\n\n<ul>\n<li>Fotocopia del DNI <\/li>\n\n\n\n<li>T\u00edtulo secundario o Constancia de t\u00edtulo en tr\u00e1mite o constancia de alumno regular del \u00faltimo a\u00f1o de la educaci\u00f3n secundaria <\/li>\n<\/ul>\n\n\n\n<p>Si est\u00e1s interesado\/a en realizar la inscripci\u00f3n, te recomendamos <strong>leer atentamente<\/strong> la siguiente informaci\u00f3n:<\/p>\n\n\n\n<p>La inscripci\u00f3n se realizar\u00e1 de manera <strong><span class=\"has-inline-color has-vivid-red-color\">on-line<\/span><\/strong>, a trav\u00e9s de un <strong>formulario google<\/strong>. <\/p>\n\n\n\n<p class=\"has-contrast-color has-pale-cyan-blue-background-color has-text-color has-background\" style=\"font-size:18px\"><mark style=\"background-color:rgba(0, 0, 0, 0);color: rgb(26, 87, 113);\" class=\"has-inline-color\"><strong style=\"\">La fecha de inscripci\u00f3n <\/strong><\/mark><strong> 27 de febrero de 2026 a partir de las 18:30<\/strong><\/p>\n\n\n\n<p><\/p>\n\n\n\n<h5 class=\"wp-block-heading has-vivid-cyan-blue-color has-text-color\"><strong>\u00bfC\u00f3mo me inscribo?<\/strong><\/h5>\n\n\n\n<p>El d\u00eda de la inscripci\u00f3n deber\u00e1s ingresar a la p\u00e1gina del instituto, a la hora indicada (te recomendamos que actualices la p\u00e1gina y tengas la documentaci\u00f3n organizada). En este mismo espacio encontrar\u00e1s el link correspondiente.<\/p>\n\n\n\n<p>Al momento de la inscripci\u00f3n, deber\u00e1s adjuntar la documentaci\u00f3n solicitada en formato PDF. Ser\u00e1 requisito para poder avanzar en el formulario.<\/p>\n\n\n\n<ul>\n<li><strong>El formulario se abrir\u00e1 a las 18:00<\/strong> y permanecer\u00e1 abierto hasta completar los lugares disponibles.  Deber\u00e1s hacer click en el siguiente <strong>enlace <\/strong><a href=\"https:\/\/forms.gle\/Hvn2paEgrJpCsZhT7\" data-type=\"URL\" data-id=\"https:\/\/forms.gle\/Hvn2paEgrJpCsZhT7\" target=\"_blank\" rel=\"noreferrer noopener\">https:\/\/forms.gle\/Hvn2paEgrJpCsZhT7<\/a><\/li>\n<\/ul>\n\n\n\n<h5 class=\"wp-block-heading has-vivid-cyan-blue-color has-text-color\">\u00bfC\u00f3mo contin\u00faa el proceso de inscripci\u00f3n?<\/h5>\n\n\n\n<p>Una vez que completaste el formulario, te llegar\u00e1 una copia de la respuesta al mail que indicaste. Te recomendamos revisar tanto la casilla como el correo spam.<\/p>\n\n\n\n<p>Posteriormente desde la casilla de correo de preceptor\u00eda, te llegar\u00e1 un mail confirmando tu solicitud y la fecha en que deber\u00e1s presentar tu legajo en la instituci\u00f3n. Ten\u00e9 en cuenta que para dicha confirmaci\u00f3n, la documentaci\u00f3n presentada debe cumplir con los requisitos solicitados para cada carrera.<\/p>\n\n\n\n<p>Deber\u00e1s acercarte el d\u00eda indicado para completar el proceso de inscripci\u00f3n.<\/p>\n\n\n\n<p><\/p>\n","protected":false},"excerpt":{"rendered":"<p>Curso de Formaci\u00f3n B\u00e1sica para el Profesorado de ingl\u00e9s El Curso de Formaci\u00f3n B\u00e1sica en Ingl\u00e9s (CUFBA) es un curso anual de nivelaci\u00f3n, para quienes necesitan afianzar conocimientos para alcanzar la competencia requerida en la prueba de suficiencia del ingreso al Profesorado de Ingl\u00e9s. Este conocimiento del ingl\u00e9s es de suma importancia para iniciar la &#8230; <a title=\"CUFBA\" class=\"read-more\" href=\"https:\/\/isfd241-bue.infd.edu.ar\/sitio\/cufba\/\" aria-label=\"M\u00e1s en CUFBA\">[+]<\/a><\/p>\n","protected":false},"author":11,"featured_media":0,"parent":0,"menu_order":0,"comment_status":"closed","ping_status":"closed","template":"","meta":[],"acf":[],"_links":{"self":[{"href":"https:\/\/isfd241-bue.infd.edu.ar\/sitio\/wp-json\/wp\/v2\/pages\/849"}],"collection":[{"href":"https:\/\/isfd241-bue.infd.edu.ar\/sitio\/wp-json\/wp\/v2\/pages"}],"about":[{"href":"https:\/\/isfd241-bue.infd.edu.ar\/sitio\/wp-json\/wp\/v2\/types\/page"}],"author":[{"embeddable":true,"href":"https:\/\/isfd241-bue.infd.edu.ar\/sitio\/wp-json\/wp\/v2\/users\/11"}],"replies":[{"embeddable":true,"href":"https:\/\/isfd241-bue.infd.edu.ar\/sitio\/wp-json\/wp\/v2\/comments?post=849"}],"version-history":[{"count":23,"href":"https:\/\/isfd241-bue.infd.edu.ar\/sitio\/wp-json\/wp\/v2\/pages\/849\/revisions"}],"predecessor-version":[{"id":1317,"href":"https:\/\/isfd241-bue.infd.edu.ar\/sitio\/wp-json\/wp\/v2\/pages\/849\/revisions\/1317"}],"wp:attachment":[{"href":"https:\/\/isfd241-bue.infd.edu.ar\/sitio\/wp-json\/wp\/v2\/media?parent=849"}],"curies":[{"name":"wp","href":"https:\/\/api.w.org\/{rel}","templated":true}]}}